{"id":688,"date":"2024-11-21T08:20:22","date_gmt":"2024-11-21T07:20:22","guid":{"rendered":"https:\/\/toldosantanahijo.com\/?page_id=688"},"modified":"2025-07-14T11:00:25","modified_gmt":"2025-07-14T09:00:25","slug":"contacte","status":"publish","type":"page","link":"https:\/\/toldosantanahijo.com\/ca\/contacte\/","title":{"rendered":"Contacte"},"content":{"rendered":"<p>[et_pb_section fb_built=\u00bb1&#8243; _builder_version=\u00bb4.27.3&#8243; _module_preset=\u00bbdefault\u00bb custom_padding=\u00bb70px||70px||true|\u00bb global_colors_info=\u00bb{}\u00bb][et_pb_row column_structure=\u00bb3_5,2_5&#8243; make_equal=\u00bbon\u00bb _builder_version=\u00bb4.27.3&#8243; _module_preset=\u00bbdefault\u00bb max_width=\u00bb1200px\u00bb custom_margin=\u00bb||||false|false\u00bb custom_padding=\u00bb||||false|false\u00bb global_colors_info=\u00bb{}\u00bb][et_pb_column type=\u00bb3_5&#8243; _builder_version=\u00bb4.27.3&#8243; _module_preset=\u00bbdefault\u00bb background_color=\u00bb#FFFFFF\u00bb custom_padding=\u00bb30px|40px|40px|40px|false|true\u00bb border_radii=\u00bbon|30px|30px|30px|30px\u00bb border_width_all=\u00bb2px\u00bb border_color_all=\u00bb#5E6276&#8243; box_shadow_style=\u00bbpreset1&#8243; box_shadow_color=\u00bbrgba(0,0,0,0.14)\u00bb global_colors_info=\u00bb{}\u00bb transform_styles__hover_enabled=\u00bbon|hover\u00bb transform_scale__hover_enabled=\u00bbon|hover\u00bb transform_translate__hover_enabled=\u00bbon|desktop\u00bb transform_rotate__hover_enabled=\u00bbon|desktop\u00bb transform_skew__hover_enabled=\u00bbon|desktop\u00bb transform_origin__hover_enabled=\u00bbon|desktop\u00bb transform_scale__hover=\u00bb104%|104%\u00bb background__hover_enabled=\u00bbon|hover\u00bb][et_pb_text _builder_version=\u00bb4.27.4&#8243; _module_preset=\u00bb5b315ce0-e161-4c84-a591-8ee596640158&#8243; text_font=\u00bb&#8211;et_global_heading_font||||||||\u00bb header_2_font=\u00bb&#8211;et_global_heading_font|700|||||||\u00bb header_2_text_color=\u00bb#FF4634&#8243; header_2_font_size=\u00bb47px\u00bb header_2_line_height=\u00bb1.1em\u00bb custom_margin=\u00bb||10px||false|false\u00bb header_2_font_size_tablet=\u00bb30px\u00bb header_2_font_size_phone=\u00bb30px\u00bb global_colors_info=\u00bb{}\u00bb]<\/p>\n<h2>Presupuestos personalizados sin compromiso<\/h2>\n<p><span style=\"color: #333645;\">Cont\u00e1ctanos y te prepararemos un presupuesto de forma r\u00e1pida.<\/span><\/p>\n<p>[\/et_pb_text][et_pb_blurb title=\u00bbDirecci\u00f3n\u00bb use_icon=\u00bbon\u00bb font_icon=\u00bb&#xe081;||divi||400&#8243; icon_color=\u00bb#FF4634&#8243; image_icon_background_color=\u00bbRGBA(255,255,255,0)\u00bb image_icon_width=\u00bb19px\u00bb _builder_version=\u00bb4.27.3&#8243; _module_preset=\u00bb89b88a01-d127-440a-b9a0-4a4c0cb7b7c3&#8243; header_font=\u00bb&#8211;et_global_heading_font|700|||||||\u00bb header_text_color=\u00bb#FF4634&#8243; header_font_size=\u00bb16px\u00bb body_font=\u00bb&#8211;et_global_body_font||||||||\u00bb body_text_color=\u00bb#333645&#8243; body_font_size=\u00bb15px\u00bb image_icon_custom_padding=\u00bb11px|11px|11px|11px|true|true\u00bb custom_margin=\u00bb||30px||false|false\u00bb link_option_url=\u00bbhttps:\/\/www.google.com\/maps?ll=41.182496,0.568269&#038;z=15&#038;t=m&#038;hl=es&#038;gl=ES&#038;mapclient=embed&#038;cid=8527425271872502513&#8243; link_option_url_new_window=\u00bbon\u00bb border_radii_image=\u00bbon||||\u00bb border_color_all_image=\u00bbRGBA(255,255,255,0)\u00bb locked=\u00bboff\u00bb global_colors_info=\u00bb{%22gcid-779a3d53-700b-4950-9fae-611323b51b16%22:%91%22body_link_text_color%22,%22body_link_text_color%22,%22body_link_text_color%22,%22body_link_text_color%22,%22body_link_text_color%22,%22body_link_text_color%22,%22body_link_text_color%22,%22body_link_text_color%22%93}\u00bb icon_color__hover_enabled=\u00bbon|desktop\u00bb icon_color__hover=\u00bb#333645&#8243; border_color_all_image__hover_enabled=\u00bbon|hover\u00bb border_color_all_image__hover=\u00bbRGBA(255,255,255,0)\u00bb image_icon_background_color__hover_enabled=\u00bbon|desktop\u00bb image_icon_background_color__hover=\u00bbRGBA(255,255,255,0)\u00bb]<\/p>\n<p>Carrer del Riu, 41, 43791 Asc\u00f3, Tarragona.<\/p>\n<p>[\/et_pb_blurb][et_pb_blurb title=\u00bbTel\u00e9fono\u00bb use_icon=\u00bbon\u00bb font_icon=\u00bb&#xe090;||divi||400&#8243; icon_color=\u00bb#FF4634&#8243; image_icon_background_color=\u00bbRGBA(255,255,255,0)\u00bb image_icon_width=\u00bb19px\u00bb _builder_version=\u00bb4.27.3&#8243; _module_preset=\u00bb89b88a01-d127-440a-b9a0-4a4c0cb7b7c3&#8243; header_font=\u00bb&#8211;et_global_heading_font|700|||||||\u00bb header_text_color=\u00bb#FF4634&#8243; header_font_size=\u00bb16px\u00bb body_font=\u00bb&#8211;et_global_body_font||||||||\u00bb body_text_color=\u00bb#333645&#8243; body_font_size=\u00bb15px\u00bb image_icon_custom_padding=\u00bb11px|11px|11px|11px|true|true\u00bb custom_margin=\u00bb||30px||false|false\u00bb border_radii_image=\u00bbon||||\u00bb border_color_all_image=\u00bbRGBA(255,255,255,0)\u00bb locked=\u00bboff\u00bb global_colors_info=\u00bb{%22gcid-779a3d53-700b-4950-9fae-611323b51b16%22:%91%22body_link_text_color%22,%22body_link_text_color%22,%22body_link_text_color%22,%22body_link_text_color%22,%22body_link_text_color%22,%22body_link_text_color%22,%22body_link_text_color%22,%22body_link_text_color%22%93}\u00bb icon_color__hover_enabled=\u00bbon|desktop\u00bb icon_color__hover=\u00bb#333645&#8243; border_color_all_image__hover_enabled=\u00bbon|hover\u00bb border_color_all_image__hover=\u00bbRGBA(255,255,255,0)\u00bb image_icon_background_color__hover_enabled=\u00bbon|desktop\u00bb image_icon_background_color__hover=\u00bbRGBA(255,255,255,0)\u00bb]<\/p>\n<p>977 405 704 \u2013 Atenci\u00f3n de <strong>9<\/strong> a <strong>13 horas<\/strong>.<br \/>681 137 075 \u2013 Atenci\u00f3n de <strong>9<\/strong> a <strong>20 horas<\/strong>.<\/p>\n<p>[\/et_pb_blurb][et_pb_blurb title=\u00bbCorreo electr\u00f3nico\u00bb use_icon=\u00bbon\u00bb font_icon=\u00bb&#xf0e0;||fa||900&#8243; icon_color=\u00bb#FF4634&#8243; image_icon_background_color=\u00bbRGBA(255,255,255,0)\u00bb image_icon_width=\u00bb19px\u00bb _builder_version=\u00bb4.27.3&#8243; _module_preset=\u00bb89b88a01-d127-440a-b9a0-4a4c0cb7b7c3&#8243; header_font=\u00bb&#8211;et_global_heading_font|700|||||||\u00bb header_text_color=\u00bb#FF4634&#8243; header_font_size=\u00bb16px\u00bb body_font=\u00bb&#8211;et_global_body_font||||||||\u00bb body_text_color=\u00bb#333645&#8243; body_font_size=\u00bb15px\u00bb image_icon_custom_padding=\u00bb11px|11px|11px|11px|true|true\u00bb custom_margin=\u00bb||-3px||false|false\u00bb link_option_url=\u00bbmailto:info@toldosantana.com\u00bb border_radii_image=\u00bbon||||\u00bb border_color_all_image=\u00bbRGBA(255,255,255,0)\u00bb locked=\u00bboff\u00bb global_colors_info=\u00bb{%22gcid-779a3d53-700b-4950-9fae-611323b51b16%22:%91%22body_link_text_color%22,%22body_link_text_color%22,%22body_link_text_color%22,%22body_link_text_color%22,%22body_link_text_color%22,%22body_link_text_color%22,%22body_link_text_color%22,%22body_link_text_color%22%93}\u00bb icon_color__hover_enabled=\u00bbon|desktop\u00bb icon_color__hover=\u00bb#333645&#8243; border_color_all_image__hover_enabled=\u00bbon|hover\u00bb border_color_all_image__hover=\u00bbRGBA(255,255,255,0)\u00bb image_icon_background_color__hover_enabled=\u00bbon|desktop\u00bb image_icon_background_color__hover=\u00bbRGBA(255,255,255,0)\u00bb]<\/p>\n<p><a href=\"mailto:info@toldosantanahijo.com\" target=\"_blank\" rel=\"noopener\">info@toldosantanahijo.com<\/a><\/p>\n<p>[\/et_pb_blurb][et_pb_social_media_follow icon_color=\u00bb#f4f4f4&#8243; disabled_on=\u00bboff|off|off\u00bb admin_label=\u00bbSocial Media (tablet+m\u00f2bil)\u00bb _builder_version=\u00bb4.27.3&#8243; _module_preset=\u00bbdefault\u00bb text_orientation=\u00bbleft\u00bb custom_margin=\u00bb22px|||11px|false|false\u00bb custom_padding=\u00bb||||false|false\u00bb global_colors_info=\u00bb{}\u00bb icon_color__hover_enabled=\u00bbon|desktop\u00bb icon_color__hover=\u00bb#f4f4f4&#8243;][et_pb_social_media_follow_network social_network=\u00bbfacebook\u00bb icon_color=\u00bb#f4f4f4&#8243; _builder_version=\u00bb4.27.3&#8243; _module_preset=\u00bbdefault\u00bb background_color=\u00bb#FF4634&#8243; background_enable_color=\u00bbon\u00bb global_colors_info=\u00bb{}\u00bb icon_color__hover_enabled=\u00bbon|hover\u00bb icon_color__hover=\u00bb#f4f4f4&#8243; background__hover_enabled=\u00bbon|hover\u00bb background_color__hover=\u00bb#333645&#8243; background_enable_color__hover=\u00bbon\u00bb follow_button=\u00bboff\u00bb url_new_window=\u00bbon\u00bb]facebook[\/et_pb_social_media_follow_network][et_pb_social_media_follow_network social_network=\u00bbinstagram\u00bb icon_color=\u00bb#f4f4f4&#8243; _builder_version=\u00bb4.27.3&#8243; _module_preset=\u00bbdefault\u00bb background_color=\u00bb#FF4634&#8243; background_enable_color=\u00bbon\u00bb global_colors_info=\u00bb{}\u00bb icon_color__hover_enabled=\u00bbon|hover\u00bb icon_color__hover=\u00bb#f4f4f4&#8243; background__hover_enabled=\u00bbon|hover\u00bb background_color__hover=\u00bb#333645&#8243; background_enable_color__hover=\u00bbon\u00bb follow_button=\u00bboff\u00bb url_new_window=\u00bbon\u00bb]instagram[\/et_pb_social_media_follow_network][\/et_pb_social_media_follow][\/et_pb_column][et_pb_column type=\u00bb2_5&#8243; _builder_version=\u00bb4.27.3&#8243; _module_preset=\u00bbdefault\u00bb background_color=\u00bb#FF4634&#8243; custom_padding=\u00bb30px|40px|40px|40px|false|true\u00bb border_radii=\u00bbon|30px|30px|30px|30px\u00bb border_width_all=\u00bb2px\u00bb border_color_all=\u00bb#FF4634&#8243; box_shadow_style=\u00bbpreset1&#8243; box_shadow_color=\u00bbrgba(0,0,0,0.14)\u00bb global_colors_info=\u00bb{}\u00bb transform_styles__hover_enabled=\u00bbon|hover\u00bb transform_scale__hover_enabled=\u00bbon|hover\u00bb transform_translate__hover_enabled=\u00bbon|desktop\u00bb transform_rotate__hover_enabled=\u00bbon|desktop\u00bb transform_skew__hover_enabled=\u00bbon|desktop\u00bb transform_origin__hover_enabled=\u00bbon|desktop\u00bb transform_scale__hover=\u00bb104%|104%\u00bb background__hover_enabled=\u00bbon|desktop\u00bb][et_pb_heading title=\u00bbFormulario de contacto\u00bb _builder_version=\u00bb4.27.4&#8243; _module_preset=\u00bbdefault\u00bb title_level=\u00bbh2&#8243; title_font=\u00bb&#8211;et_global_heading_font|600|||||||\u00bb title_text_color=\u00bb#FFFFFF\u00bb global_colors_info=\u00bb{}\u00bb][\/et_pb_heading][et_pb_contact_form email=\u00bbinfo@toldosantanahijo.com\u00bb custom_message=\u00bbFormulario de Contacto &#8211; Toldos Santana Hijo (Web)||et_pb_line_break_holder||||et_pb_line_break_holder||Nombre y apellido: %%nombre%%||et_pb_line_break_holder||Correo Electr\u00f3nico: %%email%%||et_pb_line_break_holder||Tel\u00e9fono: %%tel\u00e9fono%%||et_pb_line_break_holder||Mensaje: %%mensaje%%||et_pb_line_break_holder||Pol\u00edtica de Privacidad: %%pol\u00edtica-privacidad%%\u00bb success_message=\u00bbSe ha enviado con \u00e9xito.\u00bb submit_button_text=\u00bbEnviar\u00bb _builder_version=\u00bb4.27.4&#8243; _module_preset=\u00bbdefault\u00bb _unique_id=\u00bb11f39b8f-eae1-44ee-ae6a-55c99259ee50&#8243; form_field_background_color=\u00bb#FFFFFF\u00bb form_field_text_color=\u00bb#FF4634&#8243; form_field_focus_background_color=\u00bb#FFFFFF\u00bb form_field_focus_text_color=\u00bb#333645&#8243; title_text_color=\u00bb#FFFFFF\u00bb captcha_font=\u00bb&#8211;et_global_body_font||||||||\u00bb captcha_text_color=\u00bb#FFFFFF\u00bb form_field_font=\u00bb&#8211;et_global_body_font||||||||\u00bb custom_button=\u00bbon\u00bb button_text_size=\u00bb15px\u00bb button_text_color=\u00bb#FF4634&#8243; button_bg_color=\u00bb#FFFFFF\u00bb button_border_color=\u00bb#FFFFFF\u00bb button_border_radius=\u00bb13px\u00bb button_letter_spacing=\u00bb1px\u00bb button_font=\u00bb&#8211;et_global_body_font||||||||\u00bb button_custom_margin=\u00bb||||false|false\u00bb button_custom_padding=\u00bb||||true|false\u00bb hover_enabled=\u00bb0&#8243; border_radii=\u00bbon|15px|15px|15px|15px\u00bb border_width_all=\u00bb1.5px\u00bb border_color_all=\u00bb#333645&#8243; box_shadow_style=\u00bbpreset3&#8243; box_shadow_color=\u00bbrgba(0,0,0,0.13)\u00bb box_shadow_style_button=\u00bbpreset3&#8243; box_shadow_color_button=\u00bbrgba(0,0,0,0.16)\u00bb global_colors_info=\u00bb{}\u00bb use_spam_service=\u00bbon\u00bb recaptcha_list=\u00bbToldos Santana Hijo-0&#8243; sticky_enabled=\u00bb0&#8243;][et_pb_contact_field field_id=\u00bbnombre\u00bb field_title=\u00bbNombre y apellido\u00bb _builder_version=\u00bb4.27.3&#8243; global_colors_info=\u00bb{}\u00bb button_text_size__hover_enabled=\u00bboff\u00bb button_one_text_size__hover_enabled=\u00bboff\u00bb button_two_text_size__hover_enabled=\u00bboff\u00bb button_text_color__hover_enabled=\u00bboff\u00bb button_one_text_color__hover_enabled=\u00bboff\u00bb button_two_text_color__hover_enabled=\u00bboff\u00bb button_border_width__hover_enabled=\u00bboff\u00bb button_one_border_width__hover_enabled=\u00bboff\u00bb button_two_border_width__hover_enabled=\u00bboff\u00bb button_border_color__hover_enabled=\u00bboff\u00bb button_one_border_color__hover_enabled=\u00bboff\u00bb button_two_border_color__hover_enabled=\u00bboff\u00bb button_border_radius__hover_enabled=\u00bboff\u00bb button_one_border_radius__hover_enabled=\u00bboff\u00bb button_two_border_radius__hover_enabled=\u00bboff\u00bb button_letter_spacing__hover_enabled=\u00bboff\u00bb button_one_letter_spacing__hover_enabled=\u00bboff\u00bb button_two_letter_spacing__hover_enabled=\u00bboff\u00bb button_bg_color__hover_enabled=\u00bboff\u00bb button_one_bg_color__hover_enabled=\u00bboff\u00bb button_two_bg_color__hover_enabled=\u00bboff\u00bb][\/et_pb_contact_field][et_pb_contact_field field_id=\u00bbemail\u00bb field_title=\u00bbCorreo electr\u00f3nico\u00bb field_type=\u00bbemail\u00bb _builder_version=\u00bb4.27.3&#8243; global_colors_info=\u00bb{}\u00bb button_text_size__hover_enabled=\u00bboff\u00bb button_one_text_size__hover_enabled=\u00bboff\u00bb button_two_text_size__hover_enabled=\u00bboff\u00bb button_text_color__hover_enabled=\u00bboff\u00bb button_one_text_color__hover_enabled=\u00bboff\u00bb button_two_text_color__hover_enabled=\u00bboff\u00bb button_border_width__hover_enabled=\u00bboff\u00bb button_one_border_width__hover_enabled=\u00bboff\u00bb button_two_border_width__hover_enabled=\u00bboff\u00bb button_border_color__hover_enabled=\u00bboff\u00bb button_one_border_color__hover_enabled=\u00bboff\u00bb button_two_border_color__hover_enabled=\u00bboff\u00bb button_border_radius__hover_enabled=\u00bboff\u00bb button_one_border_radius__hover_enabled=\u00bboff\u00bb button_two_border_radius__hover_enabled=\u00bboff\u00bb button_letter_spacing__hover_enabled=\u00bboff\u00bb button_one_letter_spacing__hover_enabled=\u00bboff\u00bb button_two_letter_spacing__hover_enabled=\u00bboff\u00bb button_bg_color__hover_enabled=\u00bboff\u00bb button_one_bg_color__hover_enabled=\u00bboff\u00bb button_two_bg_color__hover_enabled=\u00bboff\u00bb][\/et_pb_contact_field][et_pb_contact_field field_id=\u00bbtel\u00e9fono\u00bb field_title=\u00bbTel\u00e9fono\u00bb required_mark=\u00bboff\u00bb fullwidth_field=\u00bbon\u00bb _builder_version=\u00bb4.27.3&#8243; global_colors_info=\u00bb{}\u00bb button_text_size__hover_enabled=\u00bboff\u00bb button_one_text_size__hover_enabled=\u00bboff\u00bb button_two_text_size__hover_enabled=\u00bboff\u00bb button_text_color__hover_enabled=\u00bboff\u00bb button_one_text_color__hover_enabled=\u00bboff\u00bb button_two_text_color__hover_enabled=\u00bboff\u00bb button_border_width__hover_enabled=\u00bboff\u00bb button_one_border_width__hover_enabled=\u00bboff\u00bb button_two_border_width__hover_enabled=\u00bboff\u00bb button_border_color__hover_enabled=\u00bboff\u00bb button_one_border_color__hover_enabled=\u00bboff\u00bb button_two_border_color__hover_enabled=\u00bboff\u00bb button_border_radius__hover_enabled=\u00bboff\u00bb button_one_border_radius__hover_enabled=\u00bboff\u00bb button_two_border_radius__hover_enabled=\u00bboff\u00bb button_letter_spacing__hover_enabled=\u00bboff\u00bb button_one_letter_spacing__hover_enabled=\u00bboff\u00bb button_two_letter_spacing__hover_enabled=\u00bboff\u00bb button_bg_color__hover_enabled=\u00bboff\u00bb button_one_bg_color__hover_enabled=\u00bboff\u00bb button_two_bg_color__hover_enabled=\u00bboff\u00bb][\/et_pb_contact_field][et_pb_contact_field field_id=\u00bbmensaje\u00bb field_title=\u00bbMensaje\u00bb field_type=\u00bbtext\u00bb fullwidth_field=\u00bbon\u00bb _builder_version=\u00bb4.27.3&#8243; global_colors_info=\u00bb{}\u00bb button_text_size__hover_enabled=\u00bboff\u00bb button_one_text_size__hover_enabled=\u00bboff\u00bb button_two_text_size__hover_enabled=\u00bboff\u00bb button_text_color__hover_enabled=\u00bboff\u00bb button_one_text_color__hover_enabled=\u00bboff\u00bb button_two_text_color__hover_enabled=\u00bboff\u00bb button_border_width__hover_enabled=\u00bboff\u00bb button_one_border_width__hover_enabled=\u00bboff\u00bb button_two_border_width__hover_enabled=\u00bboff\u00bb button_border_color__hover_enabled=\u00bboff\u00bb button_one_border_color__hover_enabled=\u00bboff\u00bb button_two_border_color__hover_enabled=\u00bboff\u00bb button_border_radius__hover_enabled=\u00bboff\u00bb button_one_border_radius__hover_enabled=\u00bboff\u00bb button_two_border_radius__hover_enabled=\u00bboff\u00bb button_letter_spacing__hover_enabled=\u00bboff\u00bb button_one_letter_spacing__hover_enabled=\u00bboff\u00bb button_two_letter_spacing__hover_enabled=\u00bboff\u00bb button_bg_color__hover_enabled=\u00bboff\u00bb button_one_bg_color__hover_enabled=\u00bboff\u00bb button_two_bg_color__hover_enabled=\u00bboff\u00bb][\/et_pb_contact_field][et_pb_contact_field field_id=\u00bbpol\u00edtica-privacidad\u00bb field_title=\u00bbPol\u00edtica de Privacidad\u00bb field_type=\u00bbcheckbox\u00bb checkbox_options=\u00bb%91{%22value%22:%22He le\u00eddo y acepto la cl\u00e1usula de Informaci\u00f3n sobre la Pol\u00edtica de Privacidad.%22,%22checked%22:0,%22dragID%22:-1}%93&#8243; fullwidth_field=\u00bbon\u00bb _builder_version=\u00bb4.27.3&#8243; _dynamic_attributes=\u00bblink_option_url\u00bb _module_preset=\u00bbdefault\u00bb form_field_background_color=\u00bbRGBA(255,255,255,0)\u00bb form_field_text_color=\u00bb#FFFFFF\u00bb form_field_focus_text_color=\u00bb#FFFFFF\u00bb form_field_font=\u00bb&#8211;et_global_body_font|600|||||||\u00bb background_enable_color=\u00bboff\u00bb link_option_url=\u00bb@ET-DC@eyJkeW5hbWljIjp0cnVlLCJjb250ZW50IjoicG9zdF9saW5rX3VybF9wYWdlIiwic2V0dGluZ3MiOnsicG9zdF9pZCI6IjMifX0=@\u00bb custom_css_main_element=\u00bbcolor: rgba(255, 255, 255, 1);\u00bb global_colors_info=\u00bb{}\u00bb form_field_background_color__hover_enabled=\u00bbon|desktop\u00bb form_field_background_color__hover=\u00bbRGBA(255,255,255,0)\u00bb][\/et_pb_contact_field][\/et_pb_contact_form][\/et_pb_column][\/et_pb_row][\/et_pb_section][et_pb_section fb_built=\u00bb1&#8243; fullwidth=\u00bbon\u00bb _builder_version=\u00bb4.27.3&#8243; _module_preset=\u00bbdefault\u00bb custom_margin=\u00bb||-7px||false|false\u00bb global_colors_info=\u00bb{}\u00bb][et_pb_fullwidth_code _builder_version=\u00bb4.27.3&#8243; _module_preset=\u00bbdefault\u00bb global_colors_info=\u00bb{}\u00bb]<iframe src=\"https:\/\/www.google.com\/maps\/embed?pb=!1m18!1m12!1m3!1d10099.786601933287!2d0.5629807155330598!3d41.185044958110296!2m3!1f0!2f0!3f0!3m2!1i1024!2i768!4f13.1!3m3!1m2!1s0x12a0d71bb88acb1b%3A0x7657801ac2a63af1!2sToldos%20Santana!5e0!3m2!1ses!2ses!4v1731999992203!5m2!1ses!2ses\" width=\"2570\" height=\"600\" style=\"border:0;\" allowfullscreen=\"\" loading=\"lazy\" referrerpolicy=\"no-referrer-when-downgrade\"><\/iframe>[\/et_pb_fullwidth_code][\/et_pb_section]<\/p>\n","protected":false},"excerpt":{"rendered":"<p>Presupuestos personalizados sin compromiso Cont\u00e1ctanos y te prepararemos un presupuesto de forma r\u00e1pida.Carrer del Riu, 41, 43791 Asc\u00f3, Tarragona.977 405 704 \u2013 Atenci\u00f3n de 9 a 13 horas.681 137 075 \u2013 Atenci\u00f3n de 9 a 20 horas.info@toldosantanahijo.com<\/p>","protected":false},"author":2,"featured_media":0,"parent":0,"menu_order":0,"comment_status":"closed","ping_status":"closed","template":"","meta":{"_et_pb_use_builder":"on","_et_pb_old_content":"","_et_gb_content_width":"","footnotes":""},"class_list":["post-688","page","type-page","status-publish","hentry"],"yoast_head":"<!-- This site is optimized with the Yoast SEO plugin v27.4 - https:\/\/yoast.com\/product\/yoast-seo-wordpress\/ -->\n<title>Contacto - Toldos Santana Hijo<\/title>\n<meta name=\"description\" content=\"Contacto Toldos Santana Hijo. Presupuestos personalizados sin compromiso. Cont\u00e1ctanos y te prepararemos un presupuesto de forma r\u00e1pida.\" \/>\n<meta name=\"robots\" content=\"index, follow, max-snippet:-1, max-image-preview:large, max-video-preview:-1\" \/>\n<link rel=\"canonical\" href=\"https:\/\/toldosantanahijo.com\/ca\/contacte\/\" \/>\n<meta property=\"og:locale\" content=\"ca_ES\" \/>\n<meta property=\"og:type\" content=\"article\" \/>\n<meta property=\"og:title\" content=\"Contacto - Toldos Santana Hijo\" \/>\n<meta property=\"og:description\" content=\"Contacto Toldos Santana Hijo. Presupuestos personalizados sin compromiso. Cont\u00e1ctanos y te prepararemos un presupuesto de forma r\u00e1pida.\" \/>\n<meta property=\"og:url\" content=\"https:\/\/toldosantanahijo.com\/ca\/contacte\/\" \/>\n<meta property=\"og:site_name\" content=\"Toldos Santana Hijo\" \/>\n<meta property=\"article:modified_time\" content=\"2025-07-14T09:00:25+00:00\" \/>\n<meta name=\"twitter:card\" content=\"summary_large_image\" \/>\n<meta name=\"twitter:label1\" content=\"Temps estimat de lectura\" \/>\n\t<meta name=\"twitter:data1\" content=\"1 minut\" \/>\n<script type=\"application\/ld+json\" class=\"yoast-schema-graph\">{\"@context\":\"https:\\\/\\\/schema.org\",\"@graph\":[{\"@type\":\"WebPage\",\"@id\":\"https:\\\/\\\/toldosantanahijo.com\\\/contacte\\\/\",\"url\":\"https:\\\/\\\/toldosantanahijo.com\\\/contacte\\\/\",\"name\":\"Contacto - Toldos Santana Hijo\",\"isPartOf\":{\"@id\":\"https:\\\/\\\/toldosantanahijo.com\\\/#website\"},\"datePublished\":\"2024-11-21T07:20:22+00:00\",\"dateModified\":\"2025-07-14T09:00:25+00:00\",\"description\":\"Contacto Toldos Santana Hijo. Presupuestos personalizados sin compromiso. Cont\u00e1ctanos y te prepararemos un presupuesto de forma r\u00e1pida.\",\"breadcrumb\":{\"@id\":\"https:\\\/\\\/toldosantanahijo.com\\\/contacte\\\/#breadcrumb\"},\"inLanguage\":\"ca\",\"potentialAction\":[{\"@type\":\"ReadAction\",\"target\":[\"https:\\\/\\\/toldosantanahijo.com\\\/contacte\\\/\"]}]},{\"@type\":\"BreadcrumbList\",\"@id\":\"https:\\\/\\\/toldosantanahijo.com\\\/contacte\\\/#breadcrumb\",\"itemListElement\":[{\"@type\":\"ListItem\",\"position\":1,\"name\":\"Inici\",\"item\":\"https:\\\/\\\/toldosantanahijo.com\\\/\"},{\"@type\":\"ListItem\",\"position\":2,\"name\":\"Contacto\"}]},{\"@type\":\"WebSite\",\"@id\":\"https:\\\/\\\/toldosantanahijo.com\\\/#website\",\"url\":\"https:\\\/\\\/toldosantanahijo.com\\\/\",\"name\":\"Toldos Santana Hijo\",\"description\":\"Toldos en la Ribera d&#039;Ebre, Terra Alta y Priorat\",\"potentialAction\":[{\"@type\":\"SearchAction\",\"target\":{\"@type\":\"EntryPoint\",\"urlTemplate\":\"https:\\\/\\\/toldosantanahijo.com\\\/?s={search_term_string}\"},\"query-input\":{\"@type\":\"PropertyValueSpecification\",\"valueRequired\":true,\"valueName\":\"search_term_string\"}}],\"inLanguage\":\"ca\"}]}<\/script>\n<!-- \/ Yoast SEO plugin. -->","yoast_head_json":{"title":"Contacto - Toldos Santana Hijo","description":"Contacto Toldos Santana Hijo. Presupuestos personalizados sin compromiso. Cont\u00e1ctanos y te prepararemos un presupuesto de forma r\u00e1pida.","robots":{"index":"index","follow":"follow","max-snippet":"max-snippet:-1","max-image-preview":"max-image-preview:large","max-video-preview":"max-video-preview:-1"},"canonical":"https:\/\/toldosantanahijo.com\/ca\/contacte\/","og_locale":"ca_ES","og_type":"article","og_title":"Contacto - Toldos Santana Hijo","og_description":"Contacto Toldos Santana Hijo. Presupuestos personalizados sin compromiso. Cont\u00e1ctanos y te prepararemos un presupuesto de forma r\u00e1pida.","og_url":"https:\/\/toldosantanahijo.com\/ca\/contacte\/","og_site_name":"Toldos Santana Hijo","article_modified_time":"2025-07-14T09:00:25+00:00","twitter_card":"summary_large_image","twitter_misc":{"Temps estimat de lectura":"1 minut"},"schema":{"@context":"https:\/\/schema.org","@graph":[{"@type":"WebPage","@id":"https:\/\/toldosantanahijo.com\/contacte\/","url":"https:\/\/toldosantanahijo.com\/contacte\/","name":"Contacto - Toldos Santana Hijo","isPartOf":{"@id":"https:\/\/toldosantanahijo.com\/#website"},"datePublished":"2024-11-21T07:20:22+00:00","dateModified":"2025-07-14T09:00:25+00:00","description":"Contacto Toldos Santana Hijo. Presupuestos personalizados sin compromiso. Cont\u00e1ctanos y te prepararemos un presupuesto de forma r\u00e1pida.","breadcrumb":{"@id":"https:\/\/toldosantanahijo.com\/contacte\/#breadcrumb"},"inLanguage":"ca","potentialAction":[{"@type":"ReadAction","target":["https:\/\/toldosantanahijo.com\/contacte\/"]}]},{"@type":"BreadcrumbList","@id":"https:\/\/toldosantanahijo.com\/contacte\/#breadcrumb","itemListElement":[{"@type":"ListItem","position":1,"name":"Inici","item":"https:\/\/toldosantanahijo.com\/"},{"@type":"ListItem","position":2,"name":"Contacto"}]},{"@type":"WebSite","@id":"https:\/\/toldosantanahijo.com\/#website","url":"https:\/\/toldosantanahijo.com\/","name":"\"Toldos Santana Hijo\"","description":"Toldos en la Ribera d&#039;Ebre, Terra Alta y Priorat","potentialAction":[{"@type":"SearchAction","target":{"@type":"EntryPoint","urlTemplate":"https:\/\/toldosantanahijo.com\/?s={search_term_string}"},"query-input":{"@type":"PropertyValueSpecification","valueRequired":true,"valueName":"search_term_string"}}],"inLanguage":"ca"}]}},"_links":{"self":[{"href":"https:\/\/toldosantanahijo.com\/ca\/wp-json\/wp\/v2\/pages\/688","targetHints":{"allow":["GET"]}}],"collection":[{"href":"https:\/\/toldosantanahijo.com\/ca\/wp-json\/wp\/v2\/pages"}],"about":[{"href":"https:\/\/toldosantanahijo.com\/ca\/wp-json\/wp\/v2\/types\/page"}],"author":[{"embeddable":true,"href":"https:\/\/toldosantanahijo.com\/ca\/wp-json\/wp\/v2\/users\/2"}],"replies":[{"embeddable":true,"href":"https:\/\/toldosantanahijo.com\/ca\/wp-json\/wp\/v2\/comments?post=688"}],"version-history":[{"count":6,"href":"https:\/\/toldosantanahijo.com\/ca\/wp-json\/wp\/v2\/pages\/688\/revisions"}],"predecessor-version":[{"id":1273,"href":"https:\/\/toldosantanahijo.com\/ca\/wp-json\/wp\/v2\/pages\/688\/revisions\/1273"}],"wp:attachment":[{"href":"https:\/\/toldosantanahijo.com\/ca\/wp-json\/wp\/v2\/media?parent=688"}],"curies":[{"name":"wp","href":"https:\/\/api.w.org\/{rel}","templated":true}]}}